
{"id":42,"date":"2025-04-04T07:03:03","date_gmt":"2025-04-04T07:03:03","guid":{"rendered":"https:\/\/www.krafticus.de\/?page_id=42"},"modified":"2026-04-29T07:34:30","modified_gmt":"2026-04-29T07:34:30","slug":"liefer-zahlungsbedingungen","status":"publish","type":"page","link":"https:\/\/www.krafticus.de\/en\/liefer-zahlungsbedingungen\/","title":{"rendered":"Liefer- und Zahlungsbedingungen"},"content":{"rendered":"<div class=\"wpb-content-wrapper\">[vc_section css=&#8221;.vc_custom_1776418364140{margin-bottom: 50px !important;padding-top: 150px !important;padding-bottom: 150px !important;background: #DB2330 url(https:\/\/krafticus.de\/wp-content\/uploads\/2026\/03\/background-gradient2.png?id=1075) !important;background-position: center !important;background-repeat: no-repeat !important;background-size: cover !important;}&#8221; el_class=&#8221;bg-gradient&#8221;][vc_row][vc_column width=&#8221;1\/2&#8243;][vc_column_text css=&#8221;&#8221;]\n<h1 class=\"headline-white\">Liefer- und<\/h1>\n<h1 class=\"headline-white\">Zahlungsbedingungen<\/h1>\n[\/vc_column_text][\/vc_column][vc_column width=&#8221;1\/2&#8243;][\/vc_column][\/vc_row][\/vc_section][vc_row][vc_column css=&#8221;.vc_custom_1743750173876{padding-top: 10% !important;padding-bottom: 10% !important;}&#8221;][vc_column_text css=&#8221;&#8221;]\n<p style=\"text-align: center;\" align=\"left\"><span style=\"font-family: Arial, sans-serif;\">Unsere Lieferungen erfolgen ausschlie\u00dflich unter Eigentumsvorbehalt, das <\/span><span style=\"font-family: Arial, sans-serif;\">hei<\/span><span style=\"font-family: Arial, sans-serif;\">\u00dft, das Eigentum geht auf den K\u00e4ufer erst \u00fcber, wenn er seine Verbindlichkeiten aus seiner Gesch\u00e4ftsverbindung mit uns getilgt <\/span><span style=\"font-family: Arial, sans-serif;\">hat<\/span><span style=\"font-family: Arial, sans-serif;\">. Bei laufender Rec<\/span><span style=\"font-family: Arial, sans-serif;\">h<\/span><span style=\"font-family: Arial, sans-serif;\">nung gilt das vorbe<\/span><span style=\"font-family: Arial, sans-serif;\">halt<\/span><span style=\"font-family: Arial, sans-serif;\">ene Eigentum als Sicherheit f\u00fcr unsere Saldo-Forderung. Falls Wechsel oder Schecks in Zahlung gegeben worden sind, gilt erst die Einl\u00f6sung als Tilgung.\u00a0<\/span><\/p>\n<p style=\"text-align: center;\"><span style=\"font-family: Arial, sans-serif;\">Erkennbare Beanstandungen sind sofort nach Empfang der Ware anzubringen.<br \/>\nZahlungsbedingungen: Sofort nach Erhalt der Rechnung &#8211; ohne Abzug (Skonto).<br \/>\n<\/span><\/p>\n<p style=\"text-align: center;\" align=\"justify\"><span style=\"font-family: Arial, sans-serif;\">Bei \u00dcberschreiten der Zahlungsfristen werden bank\u00fcbliche Zinsen berechnet. <\/span><\/p>\n<p style=\"text-align: center;\" align=\"justify\"><span style=\"font-family: Arial, sans-serif;\">Gerichtsstand Saarlouis. <\/span><\/p>\n[\/vc_column_text][\/vc_column][\/vc_row]\n<\/div>","protected":false},"excerpt":{"rendered":"<p>[vc_section css=&#8221;.vc_custom_1776418364140{margin-bottom: 50px !important;padding-top: 150px !important;padding-bottom: 150px !important;background: #DB2330 url(https:\/\/krafticus.de\/wp-content\/uploads\/2026\/03\/background-gradient2.png?id=1075) !important;background-position: center !important;background-repeat: no-repeat !important;background-size: cover !important;}&#8221; el_class=&#8221;bg-gradient&#8221;][vc_row][vc_column width=&#8221;1\/2&#8243;][vc_column_text css=&#8221;&#8221;] Liefer- und Zahlungsbedingungen [\/vc_column_text][\/vc_column][vc_column width=&#8221;1\/2&#8243;][\/vc_column][\/vc_row][\/vc_section][vc_row][vc_column css=&#8221;.vc_custom_1743750173876{padding-top: 10% !important;padding-bottom: 10% !important;}&#8221;][vc_column_text css=&#8221;&#8221;] Unsere Lieferungen erfolgen ausschlie\u00dflich unter Eigentumsvorbehalt, das hei\u00dft, das Eigentum geht auf den K\u00e4ufer erst \u00fcber, wenn er seine Verbindlichkeiten aus seiner Gesch\u00e4ftsverbindung mit&hellip;<\/p>\n","protected":false},"author":2,"featured_media":0,"parent":0,"menu_order":0,"comment_status":"closed","ping_status":"closed","template":"","meta":{"footnotes":""},"class_list":["post-42","page","type-page","status-publish","hentry"],"yoast_head":"<!-- This site is optimized with the Yoast SEO Premium plugin v26.4 (Yoast SEO v27.5) - https:\/\/yoast.com\/product\/yoast-seo-premium-wordpress\/ -->\n<title>Liefer- und Zahlungsbedingungen - KRAFTICUS<\/title>\n<meta name=\"description\" content=\"Erfahren Sie mehr \u00fcber unsere Liefer- und Zahlungsbedingungen und die Rechte, die Ihnen als K\u00e4ufer zustehen.\" \/>\n<meta name=\"robots\" content=\"index, follow, max-snippet:-1, max-image-preview:large, max-video-preview:-1\" \/>\n<link rel=\"canonical\" href=\"https:\/\/www.krafticus.de\/en\/liefer-zahlungsbedingungen\/\" \/>\n<meta property=\"og:locale\" content=\"en_US\" \/>\n<meta property=\"og:type\" content=\"article\" \/>\n<meta property=\"og:title\" content=\"Liefer- und Zahlungsbedingungen\" \/>\n<meta property=\"og:description\" content=\"Erfahren Sie mehr \u00fcber unsere Liefer- und Zahlungsbedingungen und die Rechte, die Ihnen als K\u00e4ufer zustehen.\" \/>\n<meta property=\"og:url\" content=\"https:\/\/www.krafticus.de\/en\/liefer-zahlungsbedingungen\/\" \/>\n<meta property=\"og:site_name\" content=\"KRAFTICUS\" \/>\n<meta property=\"article:modified_time\" content=\"2026-04-29T07:34:30+00:00\" \/>\n<meta property=\"og:image\" content=\"https:\/\/www.krafticus.de\/wp-content\/uploads\/2025\/03\/slider-pulver.jpg\" \/>\n\t<meta property=\"og:image:width\" content=\"800\" \/>\n\t<meta property=\"og:image:height\" content=\"597\" \/>\n\t<meta property=\"og:image:type\" content=\"image\/jpeg\" \/>\n<meta name=\"twitter:card\" content=\"summary_large_image\" \/>\n<meta name=\"twitter:label1\" content=\"Est. reading time\" \/>\n\t<meta name=\"twitter:data1\" content=\"2 minutes\" \/>\n<script type=\"application\/ld+json\" class=\"yoast-schema-graph\">{\"@context\":\"https:\\\/\\\/schema.org\",\"@graph\":[{\"@type\":\"WebPage\",\"@id\":\"https:\\\/\\\/www.krafticus.de\\\/en\\\/liefer-zahlungsbedingungen\\\/\",\"url\":\"https:\\\/\\\/www.krafticus.de\\\/en\\\/liefer-zahlungsbedingungen\\\/\",\"name\":\"Liefer- und Zahlungsbedingungen - KRAFTICUS\",\"isPartOf\":{\"@id\":\"https:\\\/\\\/www.krafticus.de\\\/en\\\/#website\"},\"datePublished\":\"2025-04-04T07:03:03+00:00\",\"dateModified\":\"2026-04-29T07:34:30+00:00\",\"description\":\"Erfahren Sie mehr \u00fcber unsere Liefer- und Zahlungsbedingungen und die Rechte, die Ihnen als K\u00e4ufer zustehen.\",\"breadcrumb\":{\"@id\":\"https:\\\/\\\/www.krafticus.de\\\/en\\\/liefer-zahlungsbedingungen\\\/#breadcrumb\"},\"inLanguage\":\"en-US\",\"potentialAction\":[{\"@type\":\"ReadAction\",\"target\":[\"https:\\\/\\\/www.krafticus.de\\\/en\\\/liefer-zahlungsbedingungen\\\/\"]}]},{\"@type\":\"BreadcrumbList\",\"@id\":\"https:\\\/\\\/www.krafticus.de\\\/en\\\/liefer-zahlungsbedingungen\\\/#breadcrumb\",\"itemListElement\":[{\"@type\":\"ListItem\",\"position\":1,\"name\":\"Home\",\"item\":\"https:\\\/\\\/www.krafticus.de\\\/en\\\/\"},{\"@type\":\"ListItem\",\"position\":2,\"name\":\"Liefer- und Zahlungsbedingungen\"}]},{\"@type\":\"WebSite\",\"@id\":\"https:\\\/\\\/www.krafticus.de\\\/en\\\/#website\",\"url\":\"https:\\\/\\\/www.krafticus.de\\\/en\\\/\",\"name\":\"Krafticus - Empowering Supplement Brands\",\"description\":\"Empowering Supplement Brands\",\"publisher\":{\"@id\":\"https:\\\/\\\/www.krafticus.de\\\/en\\\/#organization\"},\"potentialAction\":[{\"@type\":\"SearchAction\",\"target\":{\"@type\":\"EntryPoint\",\"urlTemplate\":\"https:\\\/\\\/www.krafticus.de\\\/en\\\/?s={search_term_string}\"},\"query-input\":{\"@type\":\"PropertyValueSpecification\",\"valueRequired\":true,\"valueName\":\"search_term_string\"}}],\"inLanguage\":\"en-US\"},{\"@type\":\"Organization\",\"@id\":\"https:\\\/\\\/www.krafticus.de\\\/en\\\/#organization\",\"name\":\"VEGGIECUS by Koordination Krafticus GmbH\",\"url\":\"https:\\\/\\\/www.krafticus.de\\\/en\\\/\",\"logo\":{\"@type\":\"ImageObject\",\"inLanguage\":\"en-US\",\"@id\":\"https:\\\/\\\/www.krafticus.de\\\/en\\\/#\\\/schema\\\/logo\\\/image\\\/\",\"url\":\"https:\\\/\\\/www.krafticus.de\\\/wp-content\\\/uploads\\\/2025\\\/03\\\/veggiecus-logo-mitrand-2.png\",\"contentUrl\":\"https:\\\/\\\/www.krafticus.de\\\/wp-content\\\/uploads\\\/2025\\\/03\\\/veggiecus-logo-mitrand-2.png\",\"width\":751,\"height\":403,\"caption\":\"VEGGIECUS by Koordination Krafticus GmbH\"},\"image\":{\"@id\":\"https:\\\/\\\/www.krafticus.de\\\/en\\\/#\\\/schema\\\/logo\\\/image\\\/\"},\"sameAs\":[\"https:\\\/\\\/www.linkedin.com\\\/company\\\/veggiecus\\\/\",\"https:\\\/\\\/www.youtube.com\\\/@veggiecus325\"]}]}<\/script>\n<!-- \/ Yoast SEO Premium plugin. -->","yoast_head_json":{"title":"Liefer- und Zahlungsbedingungen - KRAFTICUS","description":"Erfahren Sie mehr \u00fcber unsere Liefer- und Zahlungsbedingungen und die Rechte, die Ihnen als K\u00e4ufer zustehen.","robots":{"index":"index","follow":"follow","max-snippet":"max-snippet:-1","max-image-preview":"max-image-preview:large","max-video-preview":"max-video-preview:-1"},"canonical":"https:\/\/www.krafticus.de\/en\/liefer-zahlungsbedingungen\/","og_locale":"en_US","og_type":"article","og_title":"Liefer- und Zahlungsbedingungen","og_description":"Erfahren Sie mehr \u00fcber unsere Liefer- und Zahlungsbedingungen und die Rechte, die Ihnen als K\u00e4ufer zustehen.","og_url":"https:\/\/www.krafticus.de\/en\/liefer-zahlungsbedingungen\/","og_site_name":"KRAFTICUS","article_modified_time":"2026-04-29T07:34:30+00:00","og_image":[{"width":800,"height":597,"url":"https:\/\/www.krafticus.de\/wp-content\/uploads\/2025\/03\/slider-pulver.jpg","type":"image\/jpeg"}],"twitter_card":"summary_large_image","twitter_misc":{"Est. reading time":"2 minutes"},"schema":{"@context":"https:\/\/schema.org","@graph":[{"@type":"WebPage","@id":"https:\/\/www.krafticus.de\/en\/liefer-zahlungsbedingungen\/","url":"https:\/\/www.krafticus.de\/en\/liefer-zahlungsbedingungen\/","name":"Liefer- und Zahlungsbedingungen - KRAFTICUS","isPartOf":{"@id":"https:\/\/www.krafticus.de\/en\/#website"},"datePublished":"2025-04-04T07:03:03+00:00","dateModified":"2026-04-29T07:34:30+00:00","description":"Erfahren Sie mehr \u00fcber unsere Liefer- und Zahlungsbedingungen und die Rechte, die Ihnen als K\u00e4ufer zustehen.","breadcrumb":{"@id":"https:\/\/www.krafticus.de\/en\/liefer-zahlungsbedingungen\/#breadcrumb"},"inLanguage":"en-US","potentialAction":[{"@type":"ReadAction","target":["https:\/\/www.krafticus.de\/en\/liefer-zahlungsbedingungen\/"]}]},{"@type":"BreadcrumbList","@id":"https:\/\/www.krafticus.de\/en\/liefer-zahlungsbedingungen\/#breadcrumb","itemListElement":[{"@type":"ListItem","position":1,"name":"Home","item":"https:\/\/www.krafticus.de\/en\/"},{"@type":"ListItem","position":2,"name":"Liefer- und Zahlungsbedingungen"}]},{"@type":"WebSite","@id":"https:\/\/www.krafticus.de\/en\/#website","url":"https:\/\/www.krafticus.de\/en\/","name":"Krafticus - Empowering Supplement Brands","description":"Empowering Supplement Brands","publisher":{"@id":"https:\/\/www.krafticus.de\/en\/#organization"},"potentialAction":[{"@type":"SearchAction","target":{"@type":"EntryPoint","urlTemplate":"https:\/\/www.krafticus.de\/en\/?s={search_term_string}"},"query-input":{"@type":"PropertyValueSpecification","valueRequired":true,"valueName":"search_term_string"}}],"inLanguage":"en-US"},{"@type":"Organization","@id":"https:\/\/www.krafticus.de\/en\/#organization","name":"VEGGIECUS by Koordination Krafticus GmbH","url":"https:\/\/www.krafticus.de\/en\/","logo":{"@type":"ImageObject","inLanguage":"en-US","@id":"https:\/\/www.krafticus.de\/en\/#\/schema\/logo\/image\/","url":"https:\/\/www.krafticus.de\/wp-content\/uploads\/2025\/03\/veggiecus-logo-mitrand-2.png","contentUrl":"https:\/\/www.krafticus.de\/wp-content\/uploads\/2025\/03\/veggiecus-logo-mitrand-2.png","width":751,"height":403,"caption":"VEGGIECUS by Koordination Krafticus GmbH"},"image":{"@id":"https:\/\/www.krafticus.de\/en\/#\/schema\/logo\/image\/"},"sameAs":["https:\/\/www.linkedin.com\/company\/veggiecus\/","https:\/\/www.youtube.com\/@veggiecus325"]}]}},"_links":{"self":[{"href":"https:\/\/www.krafticus.de\/en\/wp-json\/wp\/v2\/pages\/42","targetHints":{"allow":["GET"]}}],"collection":[{"href":"https:\/\/www.krafticus.de\/en\/wp-json\/wp\/v2\/pages"}],"about":[{"href":"https:\/\/www.krafticus.de\/en\/wp-json\/wp\/v2\/types\/page"}],"author":[{"embeddable":true,"href":"https:\/\/www.krafticus.de\/en\/wp-json\/wp\/v2\/users\/2"}],"replies":[{"embeddable":true,"href":"https:\/\/www.krafticus.de\/en\/wp-json\/wp\/v2\/comments?post=42"}],"version-history":[{"count":1,"href":"https:\/\/www.krafticus.de\/en\/wp-json\/wp\/v2\/pages\/42\/revisions"}],"predecessor-version":[{"id":1604,"href":"https:\/\/www.krafticus.de\/en\/wp-json\/wp\/v2\/pages\/42\/revisions\/1604"}],"wp:attachment":[{"href":"https:\/\/www.krafticus.de\/en\/wp-json\/wp\/v2\/media?parent=42"}],"curies":[{"name":"wp","href":"https:\/\/api.w.org\/{rel}","templated":true}]}}